{"id":816,"date":"2013-07-26T22:57:55","date_gmt":"2013-07-26T22:57:55","guid":{"rendered":"http:\/\/themes.kadencethemes.com\/virtue\/?page_id=43"},"modified":"2023-06-30T15:02:25","modified_gmt":"2023-06-30T13:02:25","slug":"fotograf-slubny-koszalin","status":"publish","type":"page","link":"https:\/\/explora.pl\/blog\/fotograf-slubny-koszalin\/","title":{"rendered":"Portfolio \u015blubne"},"content":{"rendered":"","protected":false},"excerpt":{"rendered":"","protected":false},"author":2,"featured_media":0,"parent":0,"menu_order":0,"comment_status":"closed","ping_status":"open","template":"page-portfolio.php","meta":{"kt_blocks_editor_width":"","footnotes":""},"class_list":["post-816","page","type-page","status-publish","hentry"],"yoast_head":"<!-- This site is optimized with the Yoast SEO plugin v27.1.1 - https:\/\/yoast.com\/product\/yoast-seo-wordpress\/ -->\n<title>Portfolio \u015blubne - Fotograf Koszalin, Fotograf \u015blubny Koszalin, Fotograf \u015blubny Bia\u0142ogard, Fotograf Bia\u0142ogard, zdj\u0119cia \u015blubne Koszalin<\/title>\n<meta name=\"description\" content=\"Reporta\u017c \u015blubny, fotografia \u015blubna, sesja plenerowa, przygotowania \u015blubne, zabawa weselna, ceremonia \u015blubna. Zobacz portfolio.\" \/>\n<meta name=\"robots\" content=\"index, follow, max-snippet:-1, max-image-preview:large, max-video-preview:-1\" \/>\n<link rel=\"canonical\" href=\"https:\/\/explora.pl\/blog\/fotograf-slubny-koszalin\/\" \/>\n<meta property=\"og:locale\" content=\"pl_PL\" \/>\n<meta property=\"og:type\" content=\"article\" \/>\n<meta property=\"og:title\" content=\"Portfolio \u015blubne - Fotograf Koszalin, Fotograf \u015blubny Koszalin, Fotograf \u015blubny Bia\u0142ogard, Fotograf Bia\u0142ogard, zdj\u0119cia \u015blubne Koszalin\" \/>\n<meta property=\"og:description\" content=\"Reporta\u017c \u015blubny, fotografia \u015blubna, sesja plenerowa, przygotowania \u015blubne, zabawa weselna, ceremonia \u015blubna. Zobacz portfolio.\" \/>\n<meta property=\"og:url\" content=\"https:\/\/explora.pl\/blog\/fotograf-slubny-koszalin\/\" \/>\n<meta property=\"og:site_name\" content=\"Fotograf Koszalin, Fotograf \u015blubny Koszalin, Fotograf \u015blubny Bia\u0142ogard, Fotograf Bia\u0142ogard, zdj\u0119cia \u015blubne Koszalin\" \/>\n<meta property=\"article:publisher\" content=\"https:\/\/www.facebook.com\/adam.kazmierski.fotografia\" \/>\n<meta property=\"article:modified_time\" content=\"2023-06-30T13:02:25+00:00\" \/>\n<meta name=\"twitter:card\" content=\"summary_large_image\" \/>\n<script type=\"application\/ld+json\" class=\"yoast-schema-graph\">{\"@context\":\"https:\/\/schema.org\",\"@graph\":[{\"@type\":\"WebPage\",\"@id\":\"https:\/\/explora.pl\/blog\/fotograf-slubny-koszalin\/\",\"url\":\"https:\/\/explora.pl\/blog\/fotograf-slubny-koszalin\/\",\"name\":\"Portfolio \u015blubne - Fotograf Koszalin, Fotograf \u015blubny Koszalin, Fotograf \u015blubny Bia\u0142ogard, Fotograf Bia\u0142ogard, zdj\u0119cia \u015blubne Koszalin\",\"isPartOf\":{\"@id\":\"https:\/\/explora.pl\/blog\/#website\"},\"datePublished\":\"2013-07-26T22:57:55+00:00\",\"dateModified\":\"2023-06-30T13:02:25+00:00\",\"description\":\"Reporta\u017c \u015blubny, fotografia \u015blubna, sesja plenerowa, przygotowania \u015blubne, zabawa weselna, ceremonia \u015blubna. Zobacz portfolio.\",\"breadcrumb\":{\"@id\":\"https:\/\/explora.pl\/blog\/fotograf-slubny-koszalin\/#breadcrumb\"},\"inLanguage\":\"pl-PL\",\"potentialAction\":[{\"@type\":\"ReadAction\",\"target\":[\"https:\/\/explora.pl\/blog\/fotograf-slubny-koszalin\/\"]}]},{\"@type\":\"BreadcrumbList\",\"@id\":\"https:\/\/explora.pl\/blog\/fotograf-slubny-koszalin\/#breadcrumb\",\"itemListElement\":[{\"@type\":\"ListItem\",\"position\":1,\"name\":\"Strona g\u0142\u00f3wna\",\"item\":\"https:\/\/explora.pl\/blog\/\"},{\"@type\":\"ListItem\",\"position\":2,\"name\":\"Portfolio \u015blubne\"}]},{\"@type\":\"WebSite\",\"@id\":\"https:\/\/explora.pl\/blog\/#website\",\"url\":\"https:\/\/explora.pl\/blog\/\",\"name\":\"Fotograf Koszalin, Fotograf \u015blubny Koszalin, Fotograf \u015blubny Bia\u0142ogard, Fotograf Bia\u0142ogard, zdj\u0119cia \u015blubne Koszalin\",\"description\":\"Fotografia \u015blubna Koszalin, portretowa, u\u017cytkowa oraz ekspresowe zdj\u0119cia do dokument\u00f3w - Koszalin\",\"potentialAction\":[{\"@type\":\"SearchAction\",\"target\":{\"@type\":\"EntryPoint\",\"urlTemplate\":\"https:\/\/explora.pl\/blog\/?s={search_term_string}\"},\"query-input\":{\"@type\":\"PropertyValueSpecification\",\"valueRequired\":true,\"valueName\":\"search_term_string\"}}],\"inLanguage\":\"pl-PL\"}]}<\/script>\n<!-- \/ Yoast SEO plugin. -->","yoast_head_json":{"title":"Portfolio \u015blubne - Fotograf Koszalin, Fotograf \u015blubny Koszalin, Fotograf \u015blubny Bia\u0142ogard, Fotograf Bia\u0142ogard, zdj\u0119cia \u015blubne Koszalin","description":"Reporta\u017c \u015blubny, fotografia \u015blubna, sesja plenerowa, przygotowania \u015blubne, zabawa weselna, ceremonia \u015blubna. Zobacz portfolio.","robots":{"index":"index","follow":"follow","max-snippet":"max-snippet:-1","max-image-preview":"max-image-preview:large","max-video-preview":"max-video-preview:-1"},"canonical":"https:\/\/explora.pl\/blog\/fotograf-slubny-koszalin\/","og_locale":"pl_PL","og_type":"article","og_title":"Portfolio \u015blubne - Fotograf Koszalin, Fotograf \u015blubny Koszalin, Fotograf \u015blubny Bia\u0142ogard, Fotograf Bia\u0142ogard, zdj\u0119cia \u015blubne Koszalin","og_description":"Reporta\u017c \u015blubny, fotografia \u015blubna, sesja plenerowa, przygotowania \u015blubne, zabawa weselna, ceremonia \u015blubna. Zobacz portfolio.","og_url":"https:\/\/explora.pl\/blog\/fotograf-slubny-koszalin\/","og_site_name":"Fotograf Koszalin, Fotograf \u015blubny Koszalin, Fotograf \u015blubny Bia\u0142ogard, Fotograf Bia\u0142ogard, zdj\u0119cia \u015blubne Koszalin","article_publisher":"https:\/\/www.facebook.com\/adam.kazmierski.fotografia","article_modified_time":"2023-06-30T13:02:25+00:00","twitter_card":"summary_large_image","schema":{"@context":"https:\/\/schema.org","@graph":[{"@type":"WebPage","@id":"https:\/\/explora.pl\/blog\/fotograf-slubny-koszalin\/","url":"https:\/\/explora.pl\/blog\/fotograf-slubny-koszalin\/","name":"Portfolio \u015blubne - Fotograf Koszalin, Fotograf \u015blubny Koszalin, Fotograf \u015blubny Bia\u0142ogard, Fotograf Bia\u0142ogard, zdj\u0119cia \u015blubne Koszalin","isPartOf":{"@id":"https:\/\/explora.pl\/blog\/#website"},"datePublished":"2013-07-26T22:57:55+00:00","dateModified":"2023-06-30T13:02:25+00:00","description":"Reporta\u017c \u015blubny, fotografia \u015blubna, sesja plenerowa, przygotowania \u015blubne, zabawa weselna, ceremonia \u015blubna. Zobacz portfolio.","breadcrumb":{"@id":"https:\/\/explora.pl\/blog\/fotograf-slubny-koszalin\/#breadcrumb"},"inLanguage":"pl-PL","potentialAction":[{"@type":"ReadAction","target":["https:\/\/explora.pl\/blog\/fotograf-slubny-koszalin\/"]}]},{"@type":"BreadcrumbList","@id":"https:\/\/explora.pl\/blog\/fotograf-slubny-koszalin\/#breadcrumb","itemListElement":[{"@type":"ListItem","position":1,"name":"Strona g\u0142\u00f3wna","item":"https:\/\/explora.pl\/blog\/"},{"@type":"ListItem","position":2,"name":"Portfolio \u015blubne"}]},{"@type":"WebSite","@id":"https:\/\/explora.pl\/blog\/#website","url":"https:\/\/explora.pl\/blog\/","name":"Fotograf Koszalin, Fotograf \u015blubny Koszalin, Fotograf \u015blubny Bia\u0142ogard, Fotograf Bia\u0142ogard, zdj\u0119cia \u015blubne Koszalin","description":"Fotografia \u015blubna Koszalin, portretowa, u\u017cytkowa oraz ekspresowe zdj\u0119cia do dokument\u00f3w - Koszalin","potentialAction":[{"@type":"SearchAction","target":{"@type":"EntryPoint","urlTemplate":"https:\/\/explora.pl\/blog\/?s={search_term_string}"},"query-input":{"@type":"PropertyValueSpecification","valueRequired":true,"valueName":"search_term_string"}}],"inLanguage":"pl-PL"}]}},"_links":{"self":[{"href":"https:\/\/explora.pl\/blog\/wp-json\/wp\/v2\/pages\/816","targetHints":{"allow":["GET"]}}],"collection":[{"href":"https:\/\/explora.pl\/blog\/wp-json\/wp\/v2\/pages"}],"about":[{"href":"https:\/\/explora.pl\/blog\/wp-json\/wp\/v2\/types\/page"}],"author":[{"embeddable":true,"href":"https:\/\/explora.pl\/blog\/wp-json\/wp\/v2\/users\/2"}],"replies":[{"embeddable":true,"href":"https:\/\/explora.pl\/blog\/wp-json\/wp\/v2\/comments?post=816"}],"version-history":[{"count":6,"href":"https:\/\/explora.pl\/blog\/wp-json\/wp\/v2\/pages\/816\/revisions"}],"predecessor-version":[{"id":5477,"href":"https:\/\/explora.pl\/blog\/wp-json\/wp\/v2\/pages\/816\/revisions\/5477"}],"wp:attachment":[{"href":"https:\/\/explora.pl\/blog\/wp-json\/wp\/v2\/media?parent=816"}],"curies":[{"name":"wp","href":"https:\/\/api.w.org\/{rel}","templated":true}]}}