{"id":55,"date":"2026-01-30T10:13:59","date_gmt":"2026-01-30T09:13:59","guid":{"rendered":"http:\/\/explora.pl\/blog\/?page_id=55"},"modified":"2026-01-30T10:14:00","modified_gmt":"2026-01-30T09:14:00","slug":"reportaz-slubny","status":"publish","type":"page","link":"https:\/\/explora.pl\/blog\/reportaz-slubny\/","title":{"rendered":"Reporta\u017c \u015blubny"},"content":{"rendered":"<style>.wp-block-kadence-advancedheading.kt-adv-heading55_871177-85, .wp-block-kadence-advancedheading.kt-adv-heading55_871177-85[data-kb-block=\"kb-adv-heading55_871177-85\"]{text-align:center;font-style:normal;}.wp-block-kadence-advancedheading.kt-adv-heading55_871177-85 mark.kt-highlight, .wp-block-kadence-advancedheading.kt-adv-heading55_871177-85[data-kb-block=\"kb-adv-heading55_871177-85\"] mark.kt-highlight{font-style:normal;color:#f76a0c;-webkit-box-decoration-break:clone;box-decoration-break:clone;padding-top:0px;padding-right:0px;padding-bottom:0px;padding-left:0px;}.wp-block-kadence-advancedheading.kt-adv-heading55_871177-85 img.kb-inline-image, .wp-block-kadence-advancedheading.kt-adv-heading55_871177-85[data-kb-block=\"kb-adv-heading55_871177-85\"] img.kb-inline-image{width:150px;vertical-align:baseline;}<\/style>\n<h2 class=\"kt-adv-heading55_871177-85 wp-block-kadence-advancedheading\" data-kb-block=\"kb-adv-heading55_871177-85\"><strong>Reporta\u017c \u015blubny<\/strong><\/h2>\n\n\n\n<div class=\"wp-block-group alignwide\"><div class=\"wp-block-group__inner-container is-layout-flow wp-block-group-is-layout-flow\">\n<h4 class=\"wp-block-heading has-text-align-center\">Przygotowania,<br>B\u0142ogos\u0142awie\u0144stwo,<br>Ceremonia \u015blubna<br>[ko\u015bci\u00f3\u0142 \/ usc],<br>Wesele do ko\u0144ca oczepin<br>lub godz. 1.00,<\/h4>\n\n\n\n<h2 class=\"wp-block-heading has-text-align-center\">+ <strong>Plener \u015blubny<\/strong><br>w innym dniu<br>plener (czas trwania 1-3h)<br>(lub ok. 30 min. w trakcie wesela)<\/h2>\n\n\n<style>.wp-block-kadence-advancedheading.kt-adv-heading7627_538d85-6e, .wp-block-kadence-advancedheading.kt-adv-heading7627_538d85-6e[data-kb-block=\"kb-adv-heading7627_538d85-6e\"]{text-align:center;font-style:normal;}.wp-block-kadence-advancedheading.kt-adv-heading7627_538d85-6e mark.kt-highlight, .wp-block-kadence-advancedheading.kt-adv-heading7627_538d85-6e[data-kb-block=\"kb-adv-heading7627_538d85-6e\"] mark.kt-highlight{font-style:normal;color:#f76a0c;-webkit-box-decoration-break:clone;box-decoration-break:clone;padding-top:0px;padding-right:0px;padding-bottom:0px;padding-left:0px;}.wp-block-kadence-advancedheading.kt-adv-heading7627_538d85-6e img.kb-inline-image, .wp-block-kadence-advancedheading.kt-adv-heading7627_538d85-6e[data-kb-block=\"kb-adv-heading7627_538d85-6e\"] img.kb-inline-image{width:150px;vertical-align:baseline;}<\/style>\n<h2 class=\"kt-adv-heading7627_538d85-6e wp-block-kadence-advancedheading\" data-kb-block=\"kb-adv-heading7627_538d85-6e\"><strong>Materia\u0142 z reporta\u017cu<\/strong><\/h2>\n\n\n\n<h4 class=\"wp-block-heading has-text-align-center\">ok. min. 500 do 800 zdj\u0119\u0107 w formie cyfrowej do pobrania w chmurze<\/h4>\n\n\n<div class=\"wp-block-image\">\n<figure class=\"aligncenter size-large is-resized\"><img loading=\"lazy\" decoding=\"async\" width=\"1280\" height=\"854\" src=\"https:\/\/explora.pl\/blog\/wp-content\/uploads\/2020\/10\/IMG_0027awww-1280x854.jpg\" alt=\"\" class=\"wp-image-7471\" style=\"width:640px;height:427px\" srcset=\"https:\/\/explora.pl\/blog\/wp-content\/uploads\/2020\/10\/IMG_0027awww-1280x854.jpg 1280w, https:\/\/explora.pl\/blog\/wp-content\/uploads\/2020\/10\/IMG_0027awww-300x200.jpg 300w, https:\/\/explora.pl\/blog\/wp-content\/uploads\/2020\/10\/IMG_0027awww-768x512.jpg 768w, https:\/\/explora.pl\/blog\/wp-content\/uploads\/2020\/10\/IMG_0027awww-1536x1024.jpg 1536w, https:\/\/explora.pl\/blog\/wp-content\/uploads\/2020\/10\/IMG_0027awww.jpg 1600w\" sizes=\"auto, (max-width: 1280px) 100vw, 1280px\" \/><\/figure>\n<\/div>\n\n<div class=\"wp-block-image\">\n<figure class=\"aligncenter size-full is-resized\"><img loading=\"lazy\" decoding=\"async\" width=\"1280\" height=\"960\" src=\"https:\/\/explora.pl\/blog\/wp-content\/uploads\/2020\/11\/PB209640boxwww.jpg\" alt=\"\" class=\"wp-image-7484\" style=\"width:640px;height:480px\" srcset=\"https:\/\/explora.pl\/blog\/wp-content\/uploads\/2020\/11\/PB209640boxwww.jpg 1280w, https:\/\/explora.pl\/blog\/wp-content\/uploads\/2020\/11\/PB209640boxwww-300x225.jpg 300w, https:\/\/explora.pl\/blog\/wp-content\/uploads\/2020\/11\/PB209640boxwww-768x576.jpg 768w\" sizes=\"auto, (max-width: 1280px) 100vw, 1280px\" \/><\/figure>\n<\/div><\/div><\/div>\n\n\n<style>.wp-block-kadence-advancedheading.kt-adv-heading55_1c76b5-62, .wp-block-kadence-advancedheading.kt-adv-heading55_1c76b5-62[data-kb-block=\"kb-adv-heading55_1c76b5-62\"]{text-align:center;font-style:normal;}.wp-block-kadence-advancedheading.kt-adv-heading55_1c76b5-62 mark.kt-highlight, .wp-block-kadence-advancedheading.kt-adv-heading55_1c76b5-62[data-kb-block=\"kb-adv-heading55_1c76b5-62\"] mark.kt-highlight{font-style:normal;color:#f76a0c;-webkit-box-decoration-break:clone;box-decoration-break:clone;padding-top:0px;padding-right:0px;padding-bottom:0px;padding-left:0px;}.wp-block-kadence-advancedheading.kt-adv-heading55_1c76b5-62 img.kb-inline-image, .wp-block-kadence-advancedheading.kt-adv-heading55_1c76b5-62[data-kb-block=\"kb-adv-heading55_1c76b5-62\"] img.kb-inline-image{width:150px;vertical-align:baseline;}<\/style>\n<h4 class=\"kt-adv-heading55_1c76b5-62 wp-block-kadence-advancedheading\" data-kb-block=\"kb-adv-heading55_1c76b5-62\"><strong>Zobacz tak\u017ce<\/strong> <strong><a href=\"https:\/\/explora.pl\/blog\/fotograf-slubny-koszalin\/\">\u015blubne portfolio<\/a><\/strong>| <strong><a href=\"http:\/\/explora.pl\/blog\/slubne-historie\/\">\u015blubne historie<\/a><\/strong> | <strong><a href=\"http:\/\/explora.pl\/blog\/portfolio\/slub-w-obiektywie\/\">\u015blub w obiektywie<\/a><\/strong><\/h4>\n","protected":false},"excerpt":{"rendered":"<p>Reporta\u017c \u015blubny Zobacz tak\u017ce \u015blubne portfolio| \u015blubne historie | \u015blub w obiektywie<\/p>\n","protected":false},"author":2,"featured_media":0,"parent":0,"menu_order":0,"comment_status":"closed","ping_status":"closed","template":"page-fullwidth.php","meta":{"kt_blocks_editor_width":"","footnotes":""},"class_list":["post-55","page","type-page","status-publish","hentry"],"yoast_head":"<!-- This site is optimized with the Yoast SEO plugin v27.1.1 - https:\/\/yoast.com\/product\/yoast-seo-wordpress\/ -->\n<title>Reporta\u017c \u015blubny - Fotograf Koszalin, Fotograf \u015blubny Koszalin, Fotograf \u015blubny Bia\u0142ogard, Fotograf Bia\u0142ogard, zdj\u0119cia \u015blubne Koszalin<\/title>\n<meta name=\"description\" content=\"Fotografia \u015blubna 2023\/2024r. Koszalin, Bia\u0142ogard, Ko\u0142obrzeg, Dar\u0142owo, \u015awidwin, Po\u0142czyn Zdr\u00f3j, Karlino, D\u0105bki\" \/>\n<meta name=\"robots\" content=\"index, follow, max-snippet:-1, max-image-preview:large, max-video-preview:-1\" \/>\n<link rel=\"canonical\" href=\"https:\/\/explora.pl\/blog\/reportaz-slubny\/\" \/>\n<meta property=\"og:locale\" content=\"pl_PL\" \/>\n<meta property=\"og:type\" content=\"article\" \/>\n<meta property=\"og:title\" content=\"Reporta\u017c \u015blubny - Fotograf Koszalin, Fotograf \u015blubny Koszalin, Fotograf \u015blubny Bia\u0142ogard, Fotograf Bia\u0142ogard, zdj\u0119cia \u015blubne Koszalin\" \/>\n<meta property=\"og:description\" content=\"Fotografia \u015blubna 2023\/2024r. Koszalin, Bia\u0142ogard, Ko\u0142obrzeg, Dar\u0142owo, \u015awidwin, Po\u0142czyn Zdr\u00f3j, Karlino, D\u0105bki\" \/>\n<meta property=\"og:url\" content=\"https:\/\/explora.pl\/blog\/reportaz-slubny\/\" \/>\n<meta property=\"og:site_name\" content=\"Fotograf Koszalin, Fotograf \u015blubny Koszalin, Fotograf \u015blubny Bia\u0142ogard, Fotograf Bia\u0142ogard, zdj\u0119cia \u015blubne Koszalin\" \/>\n<meta property=\"article:publisher\" content=\"https:\/\/www.facebook.com\/adam.kazmierski.fotografia\" \/>\n<meta property=\"article:modified_time\" content=\"2026-01-30T09:14:00+00:00\" \/>\n<meta name=\"twitter:card\" content=\"summary_large_image\" \/>\n<meta name=\"twitter:label1\" content=\"Szacowany czas czytania\" \/>\n\t<meta name=\"twitter:data1\" content=\"1 minuta\" \/>\n<script type=\"application\/ld+json\" class=\"yoast-schema-graph\">{\"@context\":\"https:\/\/schema.org\",\"@graph\":[{\"@type\":\"WebPage\",\"@id\":\"https:\/\/explora.pl\/blog\/reportaz-slubny\/\",\"url\":\"https:\/\/explora.pl\/blog\/reportaz-slubny\/\",\"name\":\"Reporta\u017c \u015blubny - Fotograf Koszalin, Fotograf \u015blubny Koszalin, Fotograf \u015blubny Bia\u0142ogard, Fotograf Bia\u0142ogard, zdj\u0119cia \u015blubne Koszalin\",\"isPartOf\":{\"@id\":\"https:\/\/explora.pl\/blog\/#website\"},\"datePublished\":\"2026-01-30T09:13:59+00:00\",\"dateModified\":\"2026-01-30T09:14:00+00:00\",\"description\":\"Fotografia \u015blubna 2023\/2024r. Koszalin, Bia\u0142ogard, Ko\u0142obrzeg, Dar\u0142owo, \u015awidwin, Po\u0142czyn Zdr\u00f3j, Karlino, D\u0105bki\",\"breadcrumb\":{\"@id\":\"https:\/\/explora.pl\/blog\/reportaz-slubny\/#breadcrumb\"},\"inLanguage\":\"pl-PL\",\"potentialAction\":[{\"@type\":\"ReadAction\",\"target\":[\"https:\/\/explora.pl\/blog\/reportaz-slubny\/\"]}]},{\"@type\":\"BreadcrumbList\",\"@id\":\"https:\/\/explora.pl\/blog\/reportaz-slubny\/#breadcrumb\",\"itemListElement\":[{\"@type\":\"ListItem\",\"position\":1,\"name\":\"Strona g\u0142\u00f3wna\",\"item\":\"https:\/\/explora.pl\/blog\/\"},{\"@type\":\"ListItem\",\"position\":2,\"name\":\"Reporta\u017c \u015blubny\"}]},{\"@type\":\"WebSite\",\"@id\":\"https:\/\/explora.pl\/blog\/#website\",\"url\":\"https:\/\/explora.pl\/blog\/\",\"name\":\"Fotograf Koszalin, Fotograf \u015blubny Koszalin, Fotograf \u015blubny Bia\u0142ogard, Fotograf Bia\u0142ogard, zdj\u0119cia \u015blubne Koszalin\",\"description\":\"Fotografia \u015blubna Koszalin, portretowa, u\u017cytkowa oraz ekspresowe zdj\u0119cia do dokument\u00f3w - Koszalin\",\"potentialAction\":[{\"@type\":\"SearchAction\",\"target\":{\"@type\":\"EntryPoint\",\"urlTemplate\":\"https:\/\/explora.pl\/blog\/?s={search_term_string}\"},\"query-input\":{\"@type\":\"PropertyValueSpecification\",\"valueRequired\":true,\"valueName\":\"search_term_string\"}}],\"inLanguage\":\"pl-PL\"}]}<\/script>\n<!-- \/ Yoast SEO plugin. -->","yoast_head_json":{"title":"Reporta\u017c \u015blubny - Fotograf Koszalin, Fotograf \u015blubny Koszalin, Fotograf \u015blubny Bia\u0142ogard, Fotograf Bia\u0142ogard, zdj\u0119cia \u015blubne Koszalin","description":"Fotografia \u015blubna 2023\/2024r. Koszalin, Bia\u0142ogard, Ko\u0142obrzeg, Dar\u0142owo, \u015awidwin, Po\u0142czyn Zdr\u00f3j, Karlino, D\u0105bki","robots":{"index":"index","follow":"follow","max-snippet":"max-snippet:-1","max-image-preview":"max-image-preview:large","max-video-preview":"max-video-preview:-1"},"canonical":"https:\/\/explora.pl\/blog\/reportaz-slubny\/","og_locale":"pl_PL","og_type":"article","og_title":"Reporta\u017c \u015blubny - Fotograf Koszalin, Fotograf \u015blubny Koszalin, Fotograf \u015blubny Bia\u0142ogard, Fotograf Bia\u0142ogard, zdj\u0119cia \u015blubne Koszalin","og_description":"Fotografia \u015blubna 2023\/2024r. Koszalin, Bia\u0142ogard, Ko\u0142obrzeg, Dar\u0142owo, \u015awidwin, Po\u0142czyn Zdr\u00f3j, Karlino, D\u0105bki","og_url":"https:\/\/explora.pl\/blog\/reportaz-slubny\/","og_site_name":"Fotograf Koszalin, Fotograf \u015blubny Koszalin, Fotograf \u015blubny Bia\u0142ogard, Fotograf Bia\u0142ogard, zdj\u0119cia \u015blubne Koszalin","article_publisher":"https:\/\/www.facebook.com\/adam.kazmierski.fotografia","article_modified_time":"2026-01-30T09:14:00+00:00","twitter_card":"summary_large_image","twitter_misc":{"Szacowany czas czytania":"1 minuta"},"schema":{"@context":"https:\/\/schema.org","@graph":[{"@type":"WebPage","@id":"https:\/\/explora.pl\/blog\/reportaz-slubny\/","url":"https:\/\/explora.pl\/blog\/reportaz-slubny\/","name":"Reporta\u017c \u015blubny - Fotograf Koszalin, Fotograf \u015blubny Koszalin, Fotograf \u015blubny Bia\u0142ogard, Fotograf Bia\u0142ogard, zdj\u0119cia \u015blubne Koszalin","isPartOf":{"@id":"https:\/\/explora.pl\/blog\/#website"},"datePublished":"2026-01-30T09:13:59+00:00","dateModified":"2026-01-30T09:14:00+00:00","description":"Fotografia \u015blubna 2023\/2024r. Koszalin, Bia\u0142ogard, Ko\u0142obrzeg, Dar\u0142owo, \u015awidwin, Po\u0142czyn Zdr\u00f3j, Karlino, D\u0105bki","breadcrumb":{"@id":"https:\/\/explora.pl\/blog\/reportaz-slubny\/#breadcrumb"},"inLanguage":"pl-PL","potentialAction":[{"@type":"ReadAction","target":["https:\/\/explora.pl\/blog\/reportaz-slubny\/"]}]},{"@type":"BreadcrumbList","@id":"https:\/\/explora.pl\/blog\/reportaz-slubny\/#breadcrumb","itemListElement":[{"@type":"ListItem","position":1,"name":"Strona g\u0142\u00f3wna","item":"https:\/\/explora.pl\/blog\/"},{"@type":"ListItem","position":2,"name":"Reporta\u017c \u015blubny"}]},{"@type":"WebSite","@id":"https:\/\/explora.pl\/blog\/#website","url":"https:\/\/explora.pl\/blog\/","name":"Fotograf Koszalin, Fotograf \u015blubny Koszalin, Fotograf \u015blubny Bia\u0142ogard, Fotograf Bia\u0142ogard, zdj\u0119cia \u015blubne Koszalin","description":"Fotografia \u015blubna Koszalin, portretowa, u\u017cytkowa oraz ekspresowe zdj\u0119cia do dokument\u00f3w - Koszalin","potentialAction":[{"@type":"SearchAction","target":{"@type":"EntryPoint","urlTemplate":"https:\/\/explora.pl\/blog\/?s={search_term_string}"},"query-input":{"@type":"PropertyValueSpecification","valueRequired":true,"valueName":"search_term_string"}}],"inLanguage":"pl-PL"}]}},"_links":{"self":[{"href":"https:\/\/explora.pl\/blog\/wp-json\/wp\/v2\/pages\/55","targetHints":{"allow":["GET"]}}],"collection":[{"href":"https:\/\/explora.pl\/blog\/wp-json\/wp\/v2\/pages"}],"about":[{"href":"https:\/\/explora.pl\/blog\/wp-json\/wp\/v2\/types\/page"}],"author":[{"embeddable":true,"href":"https:\/\/explora.pl\/blog\/wp-json\/wp\/v2\/users\/2"}],"replies":[{"embeddable":true,"href":"https:\/\/explora.pl\/blog\/wp-json\/wp\/v2\/comments?post=55"}],"version-history":[{"count":110,"href":"https:\/\/explora.pl\/blog\/wp-json\/wp\/v2\/pages\/55\/revisions"}],"predecessor-version":[{"id":10331,"href":"https:\/\/explora.pl\/blog\/wp-json\/wp\/v2\/pages\/55\/revisions\/10331"}],"wp:attachment":[{"href":"https:\/\/explora.pl\/blog\/wp-json\/wp\/v2\/media?parent=55"}],"curies":[{"name":"wp","href":"https:\/\/api.w.org\/{rel}","templated":true}]}}