{"id":5145,"date":"2019-03-08T15:50:39","date_gmt":"2019-03-08T14:50:39","guid":{"rendered":"http:\/\/explora.pl\/blog\/?page_id=5145"},"modified":"2021-04-15T12:32:49","modified_gmt":"2021-04-15T10:32:49","slug":"slubne-historie","status":"publish","type":"page","link":"https:\/\/explora.pl\/blog\/slubne-historie\/","title":{"rendered":"Historie \u015blubne &#8211; repo"},"content":{"rendered":"\n<p>Historie \u015blubne przedstawiaj\u0105ce najciekawsze chwile z dnia \u015blubu\/wesela. Zobacz jak wygl\u0105da\u0142y wyj\u0105tkowe momenty.<\/p>\n","protected":false},"excerpt":{"rendered":"<p>Historie \u015blubne przedstawiaj\u0105ce najciekawsze chwile z dnia \u015blubu\/wesela. Zobacz jak wygl\u0105da\u0142y wyj\u0105tkowe momenty.<\/p>\n","protected":false},"author":2,"featured_media":0,"parent":0,"menu_order":0,"comment_status":"closed","ping_status":"closed","template":"page-blog.php","meta":{"kt_blocks_editor_width":"","footnotes":""},"class_list":["post-5145","page","type-page","status-publish","hentry"],"yoast_head":"<!-- This site is optimized with the Yoast SEO plugin v27.1.1 - https:\/\/yoast.com\/product\/yoast-seo-wordpress\/ -->\n<title>Historie \u015blubne - repo - Fotograf Koszalin, Fotograf \u015blubny Koszalin, Fotograf \u015blubny Bia\u0142ogard, Fotograf Bia\u0142ogard, zdj\u0119cia \u015blubne Koszalin<\/title>\n<meta name=\"description\" content=\"Historie \u015blubne przedstawiaj\u0105ce najciekawsze chwile z dnia \u015blubu\/wesela. Zobacz jak wygl\u0105da\u0142y wyj\u0105tkowe momenty.\" \/>\n<meta name=\"robots\" content=\"index, follow, max-snippet:-1, max-image-preview:large, max-video-preview:-1\" \/>\n<link rel=\"canonical\" href=\"https:\/\/explora.pl\/blog\/slubne-historie\/\" \/>\n<meta property=\"og:locale\" content=\"pl_PL\" \/>\n<meta property=\"og:type\" content=\"article\" \/>\n<meta property=\"og:title\" content=\"Historie \u015blubne - repo - Fotograf Koszalin, Fotograf \u015blubny Koszalin, Fotograf \u015blubny Bia\u0142ogard, Fotograf Bia\u0142ogard, zdj\u0119cia \u015blubne Koszalin\" \/>\n<meta property=\"og:description\" content=\"Historie \u015blubne przedstawiaj\u0105ce najciekawsze chwile z dnia \u015blubu\/wesela. Zobacz jak wygl\u0105da\u0142y wyj\u0105tkowe momenty.\" \/>\n<meta property=\"og:url\" content=\"https:\/\/explora.pl\/blog\/slubne-historie\/\" \/>\n<meta property=\"og:site_name\" content=\"Fotograf Koszalin, Fotograf \u015blubny Koszalin, Fotograf \u015blubny Bia\u0142ogard, Fotograf Bia\u0142ogard, zdj\u0119cia \u015blubne Koszalin\" \/>\n<meta property=\"article:publisher\" content=\"https:\/\/www.facebook.com\/adam.kazmierski.fotografia\" \/>\n<meta property=\"article:modified_time\" content=\"2021-04-15T10:32:49+00:00\" \/>\n<meta property=\"og:image\" content=\"https:\/\/explora.pl\/blog\/wp-content\/uploads\/2019\/10\/a007-2_postcard.jpg\" \/>\n\t<meta property=\"og:image:width\" content=\"2048\" \/>\n\t<meta property=\"og:image:height\" content=\"1365\" \/>\n\t<meta property=\"og:image:type\" content=\"image\/jpeg\" \/>\n<meta name=\"twitter:card\" content=\"summary_large_image\" \/>\n<meta name=\"twitter:label1\" content=\"Szacowany czas czytania\" \/>\n\t<meta name=\"twitter:data1\" content=\"1 minuta\" \/>\n<script type=\"application\/ld+json\" class=\"yoast-schema-graph\">{\"@context\":\"https:\/\/schema.org\",\"@graph\":[{\"@type\":\"WebPage\",\"@id\":\"https:\/\/explora.pl\/blog\/slubne-historie\/\",\"url\":\"https:\/\/explora.pl\/blog\/slubne-historie\/\",\"name\":\"Historie \u015blubne - repo - Fotograf Koszalin, Fotograf \u015blubny Koszalin, Fotograf \u015blubny Bia\u0142ogard, Fotograf Bia\u0142ogard, zdj\u0119cia \u015blubne Koszalin\",\"isPartOf\":{\"@id\":\"https:\/\/explora.pl\/blog\/#website\"},\"datePublished\":\"2019-03-08T14:50:39+00:00\",\"dateModified\":\"2021-04-15T10:32:49+00:00\",\"description\":\"Historie \u015blubne przedstawiaj\u0105ce najciekawsze chwile z dnia \u015blubu\/wesela. Zobacz jak wygl\u0105da\u0142y wyj\u0105tkowe momenty.\",\"breadcrumb\":{\"@id\":\"https:\/\/explora.pl\/blog\/slubne-historie\/#breadcrumb\"},\"inLanguage\":\"pl-PL\",\"potentialAction\":[{\"@type\":\"ReadAction\",\"target\":[\"https:\/\/explora.pl\/blog\/slubne-historie\/\"]}]},{\"@type\":\"BreadcrumbList\",\"@id\":\"https:\/\/explora.pl\/blog\/slubne-historie\/#breadcrumb\",\"itemListElement\":[{\"@type\":\"ListItem\",\"position\":1,\"name\":\"Strona g\u0142\u00f3wna\",\"item\":\"https:\/\/explora.pl\/blog\/\"},{\"@type\":\"ListItem\",\"position\":2,\"name\":\"Historie \u015blubne &#8211; repo\"}]},{\"@type\":\"WebSite\",\"@id\":\"https:\/\/explora.pl\/blog\/#website\",\"url\":\"https:\/\/explora.pl\/blog\/\",\"name\":\"Fotograf Koszalin, Fotograf \u015blubny Koszalin, Fotograf \u015blubny Bia\u0142ogard, Fotograf Bia\u0142ogard, zdj\u0119cia \u015blubne Koszalin\",\"description\":\"Fotografia \u015blubna Koszalin, portretowa, u\u017cytkowa oraz ekspresowe zdj\u0119cia do dokument\u00f3w - Koszalin\",\"potentialAction\":[{\"@type\":\"SearchAction\",\"target\":{\"@type\":\"EntryPoint\",\"urlTemplate\":\"https:\/\/explora.pl\/blog\/?s={search_term_string}\"},\"query-input\":{\"@type\":\"PropertyValueSpecification\",\"valueRequired\":true,\"valueName\":\"search_term_string\"}}],\"inLanguage\":\"pl-PL\"}]}<\/script>\n<!-- \/ Yoast SEO plugin. -->","yoast_head_json":{"title":"Historie \u015blubne - repo - Fotograf Koszalin, Fotograf \u015blubny Koszalin, Fotograf \u015blubny Bia\u0142ogard, Fotograf Bia\u0142ogard, zdj\u0119cia \u015blubne Koszalin","description":"Historie \u015blubne przedstawiaj\u0105ce najciekawsze chwile z dnia \u015blubu\/wesela. Zobacz jak wygl\u0105da\u0142y wyj\u0105tkowe momenty.","robots":{"index":"index","follow":"follow","max-snippet":"max-snippet:-1","max-image-preview":"max-image-preview:large","max-video-preview":"max-video-preview:-1"},"canonical":"https:\/\/explora.pl\/blog\/slubne-historie\/","og_locale":"pl_PL","og_type":"article","og_title":"Historie \u015blubne - repo - Fotograf Koszalin, Fotograf \u015blubny Koszalin, Fotograf \u015blubny Bia\u0142ogard, Fotograf Bia\u0142ogard, zdj\u0119cia \u015blubne Koszalin","og_description":"Historie \u015blubne przedstawiaj\u0105ce najciekawsze chwile z dnia \u015blubu\/wesela. Zobacz jak wygl\u0105da\u0142y wyj\u0105tkowe momenty.","og_url":"https:\/\/explora.pl\/blog\/slubne-historie\/","og_site_name":"Fotograf Koszalin, Fotograf \u015blubny Koszalin, Fotograf \u015blubny Bia\u0142ogard, Fotograf Bia\u0142ogard, zdj\u0119cia \u015blubne Koszalin","article_publisher":"https:\/\/www.facebook.com\/adam.kazmierski.fotografia","article_modified_time":"2021-04-15T10:32:49+00:00","og_image":[{"width":2048,"height":1365,"url":"https:\/\/explora.pl\/blog\/wp-content\/uploads\/2019\/10\/a007-2_postcard.jpg","type":"image\/jpeg"}],"twitter_card":"summary_large_image","twitter_misc":{"Szacowany czas czytania":"1 minuta"},"schema":{"@context":"https:\/\/schema.org","@graph":[{"@type":"WebPage","@id":"https:\/\/explora.pl\/blog\/slubne-historie\/","url":"https:\/\/explora.pl\/blog\/slubne-historie\/","name":"Historie \u015blubne - repo - Fotograf Koszalin, Fotograf \u015blubny Koszalin, Fotograf \u015blubny Bia\u0142ogard, Fotograf Bia\u0142ogard, zdj\u0119cia \u015blubne Koszalin","isPartOf":{"@id":"https:\/\/explora.pl\/blog\/#website"},"datePublished":"2019-03-08T14:50:39+00:00","dateModified":"2021-04-15T10:32:49+00:00","description":"Historie \u015blubne przedstawiaj\u0105ce najciekawsze chwile z dnia \u015blubu\/wesela. Zobacz jak wygl\u0105da\u0142y wyj\u0105tkowe momenty.","breadcrumb":{"@id":"https:\/\/explora.pl\/blog\/slubne-historie\/#breadcrumb"},"inLanguage":"pl-PL","potentialAction":[{"@type":"ReadAction","target":["https:\/\/explora.pl\/blog\/slubne-historie\/"]}]},{"@type":"BreadcrumbList","@id":"https:\/\/explora.pl\/blog\/slubne-historie\/#breadcrumb","itemListElement":[{"@type":"ListItem","position":1,"name":"Strona g\u0142\u00f3wna","item":"https:\/\/explora.pl\/blog\/"},{"@type":"ListItem","position":2,"name":"Historie \u015blubne &#8211; repo"}]},{"@type":"WebSite","@id":"https:\/\/explora.pl\/blog\/#website","url":"https:\/\/explora.pl\/blog\/","name":"Fotograf Koszalin, Fotograf \u015blubny Koszalin, Fotograf \u015blubny Bia\u0142ogard, Fotograf Bia\u0142ogard, zdj\u0119cia \u015blubne Koszalin","description":"Fotografia \u015blubna Koszalin, portretowa, u\u017cytkowa oraz ekspresowe zdj\u0119cia do dokument\u00f3w - Koszalin","potentialAction":[{"@type":"SearchAction","target":{"@type":"EntryPoint","urlTemplate":"https:\/\/explora.pl\/blog\/?s={search_term_string}"},"query-input":{"@type":"PropertyValueSpecification","valueRequired":true,"valueName":"search_term_string"}}],"inLanguage":"pl-PL"}]}},"_links":{"self":[{"href":"https:\/\/explora.pl\/blog\/wp-json\/wp\/v2\/pages\/5145","targetHints":{"allow":["GET"]}}],"collection":[{"href":"https:\/\/explora.pl\/blog\/wp-json\/wp\/v2\/pages"}],"about":[{"href":"https:\/\/explora.pl\/blog\/wp-json\/wp\/v2\/types\/page"}],"author":[{"embeddable":true,"href":"https:\/\/explora.pl\/blog\/wp-json\/wp\/v2\/users\/2"}],"replies":[{"embeddable":true,"href":"https:\/\/explora.pl\/blog\/wp-json\/wp\/v2\/comments?post=5145"}],"version-history":[{"count":10,"href":"https:\/\/explora.pl\/blog\/wp-json\/wp\/v2\/pages\/5145\/revisions"}],"predecessor-version":[{"id":7625,"href":"https:\/\/explora.pl\/blog\/wp-json\/wp\/v2\/pages\/5145\/revisions\/7625"}],"wp:attachment":[{"href":"https:\/\/explora.pl\/blog\/wp-json\/wp\/v2\/media?parent=5145"}],"curies":[{"name":"wp","href":"https:\/\/api.w.org\/{rel}","templated":true}]}}