{"id":45,"date":"2026-01-30T10:16:33","date_gmt":"2026-01-30T09:16:33","guid":{"rendered":"http:\/\/themes.kadencethemes.com\/virtue\/?page_id=45"},"modified":"2026-01-30T10:16:34","modified_gmt":"2026-01-30T09:16:34","slug":"contact-us","status":"publish","type":"page","link":"https:\/\/explora.pl\/blog\/contact-us\/","title":{"rendered":"Kontakt"},"content":{"rendered":"\n<div class=\"wp-block-media-text alignwide is-stacked-on-mobile is-vertically-aligned-top has-black-background-color has-background\" style=\"grid-template-columns:36% auto\"><figure class=\"wp-block-media-text__media\"><img loading=\"lazy\" decoding=\"async\" width=\"1280\" height=\"1280\" src=\"https:\/\/explora.pl\/blog\/wp-content\/uploads\/2024\/07\/IMG_0198cmp1_40zl-1280x1280.jpg\" alt=\"zdj\u0119cia do dowodu Koszalin, zdj\u0119cia do dokument\u00f3w Koszalin, zdj\u0119cia, zdj\u0119cie do paszportu, fotograf Koszalin, zdj\u0119cie do dowodu Koszalin, foto na dokumenty Koszalin, Koszalin\" class=\"wp-image-9937 size-full\" srcset=\"https:\/\/explora.pl\/blog\/wp-content\/uploads\/2024\/07\/IMG_0198cmp1_40zl-1280x1280.jpg 1280w, https:\/\/explora.pl\/blog\/wp-content\/uploads\/2024\/07\/IMG_0198cmp1_40zl-300x300.jpg 300w, https:\/\/explora.pl\/blog\/wp-content\/uploads\/2024\/07\/IMG_0198cmp1_40zl-150x150.jpg 150w, https:\/\/explora.pl\/blog\/wp-content\/uploads\/2024\/07\/IMG_0198cmp1_40zl-768x768.jpg 768w, https:\/\/explora.pl\/blog\/wp-content\/uploads\/2024\/07\/IMG_0198cmp1_40zl-1536x1536.jpg 1536w, https:\/\/explora.pl\/blog\/wp-content\/uploads\/2024\/07\/IMG_0198cmp1_40zl-1600x1600.jpg 1600w, https:\/\/explora.pl\/blog\/wp-content\/uploads\/2024\/07\/IMG_0198cmp1_40zl-800x800.jpg 800w, https:\/\/explora.pl\/blog\/wp-content\/uploads\/2024\/07\/IMG_0198cmp1_40zl.jpg 1639w\" sizes=\"auto, (max-width: 1280px) 100vw, 1280px\" \/><\/figure><div class=\"wp-block-media-text__content\">\n<h5 class=\"wp-block-heading has-white-color has-text-color\">Odwied\u017a mnie!<\/h5>\n\n\n\n<p style=\"font-size:18px\"><strong>ul. Zwyci\u0119stwa 43\/2,\n<br> 75-021 Koszalin<br><br>pon.-pt. od 9.00 do 17.00,<br> sobota NIECZYNNE \n<\/strong><br>(naprzeciwko Saturna \/ Merkurego, mi\u0119dzy \u017babk\u0105 a HATAY KEBAB &#8211; CZERWONY SZYLD FOTO EXPRESS)<br><br>NIP: 672-114-86-93<br><strong>e-mail: <a href=\"mailto:fotokoszalin@gmail.com\">fotokoszalin@gmail.com<\/a><\/strong><\/p>\n\n<p><iframe loading=\"lazy\" style=\"border: 0;\" src=\"https:\/\/www.google.com\/maps\/embed?pb=!1m14!1m8!1m3!1d2334.434123053472!2d16.179664!3d54.190096999999994!3m2!1i1024!2i768!4f13.1!3m3!1m2!1s0x4701cd376b2136e5%3A0xb31b68ea43e27e12!2sAdam+Ka%C5%BAmierski+Fotografia!5e0!3m2!1spl!2spl!4v1418724585665\" width=\"300\" height=\"300\" frameborder=\"0\"><\/iframe><\/p>\n\n\n\n<h5 class=\"wp-block-heading has-very-light-gray-color has-text-color\">lub zadzwo\u0144!<\/h5>\n\n\n\n<p class=\"has-very-light-gray-color has-black-background-color has-text-color has-background\" style=\"font-size:18px\">mobile: <strong>+48 502 844 056<\/strong><\/p>\n\n\n\n<p class=\"has-drop-cap has-very-light-gray-color has-text-color\"> Zobacz tak\u017ce inne moje strony:<br><a href=\"https:\/\/www.facebook.com\/adam.kazmierski.fotografia\" target=\"_blank\" rel=\"noreferrer noopener\"><strong>Facebook<br><\/strong><\/a><strong><a href=\"https:\/\/adamkazmierski.blogspot.com\/\">BlogSpot<br><\/a><a href=\"http:\/\/pl.linkedin.com\/in\/explora\" target=\"_blank\" rel=\"noreferrer noopener\">LinkedIn<\/a><br><a href=\"https:\/\/www.instagram.com\/fotokoszalin\/\" target=\"_blank\" rel=\"noreferrer noopener\">Instagram<\/a><\/strong><\/p>\n<\/div><\/div>\n","protected":false},"excerpt":{"rendered":"<p>Odwied\u017a mnie! ul. Zwyci\u0119stwa 43\/2, 75-021 Koszalin pon.-pt. od 9.00 do 17.00, sobota NIECZYNNE (naprzeciwko Saturna \/ Merkurego, mi\u0119dzy \u017babk\u0105 a HATAY KEBAB &#8211; CZERWONY SZYLD FOTO EXPRESS) NIP: 672-114-86-93e-mail: fotokoszalin@gmail.com lub zadzwo\u0144! mobile: +48 502 844 056 Zobacz tak\u017ce &hellip; <a href=\"https:\/\/explora.pl\/blog\/contact-us\/\">Continued<\/a><\/p>\n","protected":false},"author":2,"featured_media":0,"parent":0,"menu_order":0,"comment_status":"closed","ping_status":"open","template":"","meta":{"kt_blocks_editor_width":"","footnotes":""},"class_list":["post-45","page","type-page","status-publish","hentry"],"yoast_head":"<!-- This site is optimized with the Yoast SEO plugin v27.1.1 - https:\/\/yoast.com\/product\/yoast-seo-wordpress\/ -->\n<title>Kontakt - Fotograf Koszalin, Fotograf \u015blubny Koszalin, Fotograf \u015blubny Bia\u0142ogard, Fotograf Bia\u0142ogard, zdj\u0119cia \u015blubne Koszalin<\/title>\n<meta name=\"description\" content=\"Fotograf Koszalin, Bia\u0142ogard, Ko\u0142obrzeg, Dar\u0142owo, \u015awidwin, Po\u0142czyn Zdr\u00f3j, S\u0142awno, D\u0105bki, Sian\u00f3w, Ryma\u0144, Karlino. Kontakt - ZOBACZ.\" \/>\n<meta name=\"robots\" content=\"index, follow, max-snippet:-1, max-image-preview:large, max-video-preview:-1\" \/>\n<link rel=\"canonical\" href=\"https:\/\/explora.pl\/blog\/contact-us\/\" \/>\n<meta property=\"og:locale\" content=\"pl_PL\" \/>\n<meta property=\"og:type\" content=\"article\" \/>\n<meta property=\"og:title\" content=\"Kontakt - Fotograf Koszalin, Fotograf \u015blubny Koszalin, Fotograf \u015blubny Bia\u0142ogard, Fotograf Bia\u0142ogard, zdj\u0119cia \u015blubne Koszalin\" \/>\n<meta property=\"og:description\" content=\"Fotograf Koszalin, Bia\u0142ogard, Ko\u0142obrzeg, Dar\u0142owo, \u015awidwin, Po\u0142czyn Zdr\u00f3j, S\u0142awno, D\u0105bki, Sian\u00f3w, Ryma\u0144, Karlino. Kontakt - ZOBACZ.\" \/>\n<meta property=\"og:url\" content=\"https:\/\/explora.pl\/blog\/contact-us\/\" \/>\n<meta property=\"og:site_name\" content=\"Fotograf Koszalin, Fotograf \u015blubny Koszalin, Fotograf \u015blubny Bia\u0142ogard, Fotograf Bia\u0142ogard, zdj\u0119cia \u015blubne Koszalin\" \/>\n<meta property=\"article:publisher\" content=\"https:\/\/www.facebook.com\/adam.kazmierski.fotografia\" \/>\n<meta property=\"article:modified_time\" content=\"2026-01-30T09:16:34+00:00\" \/>\n<meta property=\"og:image\" content=\"https:\/\/explora.pl\/blog\/wp-content\/uploads\/2024\/07\/IMG_0198cmp1_40zl.jpg\" \/>\n\t<meta property=\"og:image:width\" content=\"1639\" \/>\n\t<meta property=\"og:image:height\" content=\"1639\" \/>\n\t<meta property=\"og:image:type\" content=\"image\/jpeg\" \/>\n<meta name=\"twitter:card\" content=\"summary_large_image\" \/>\n<meta name=\"twitter:label1\" content=\"Szacowany czas czytania\" \/>\n\t<meta name=\"twitter:data1\" content=\"1 minuta\" \/>\n<script type=\"application\/ld+json\" class=\"yoast-schema-graph\">{\"@context\":\"https:\/\/schema.org\",\"@graph\":[{\"@type\":\"WebPage\",\"@id\":\"https:\/\/explora.pl\/blog\/contact-us\/\",\"url\":\"https:\/\/explora.pl\/blog\/contact-us\/\",\"name\":\"Kontakt - Fotograf Koszalin, Fotograf \u015blubny Koszalin, Fotograf \u015blubny Bia\u0142ogard, Fotograf Bia\u0142ogard, zdj\u0119cia \u015blubne Koszalin\",\"isPartOf\":{\"@id\":\"https:\/\/explora.pl\/blog\/#website\"},\"primaryImageOfPage\":{\"@id\":\"https:\/\/explora.pl\/blog\/contact-us\/#primaryimage\"},\"image\":{\"@id\":\"https:\/\/explora.pl\/blog\/contact-us\/#primaryimage\"},\"thumbnailUrl\":\"https:\/\/explora.pl\/blog\/wp-content\/uploads\/2024\/07\/IMG_0198cmp1_40zl-1280x1280.jpg\",\"datePublished\":\"2026-01-30T09:16:33+00:00\",\"dateModified\":\"2026-01-30T09:16:34+00:00\",\"description\":\"Fotograf Koszalin, Bia\u0142ogard, Ko\u0142obrzeg, Dar\u0142owo, \u015awidwin, Po\u0142czyn Zdr\u00f3j, S\u0142awno, D\u0105bki, Sian\u00f3w, Ryma\u0144, Karlino. Kontakt - ZOBACZ.\",\"breadcrumb\":{\"@id\":\"https:\/\/explora.pl\/blog\/contact-us\/#breadcrumb\"},\"inLanguage\":\"pl-PL\",\"potentialAction\":[{\"@type\":\"ReadAction\",\"target\":[\"https:\/\/explora.pl\/blog\/contact-us\/\"]}]},{\"@type\":\"ImageObject\",\"inLanguage\":\"pl-PL\",\"@id\":\"https:\/\/explora.pl\/blog\/contact-us\/#primaryimage\",\"url\":\"https:\/\/explora.pl\/blog\/wp-content\/uploads\/2024\/07\/IMG_0198cmp1_40zl.jpg\",\"contentUrl\":\"https:\/\/explora.pl\/blog\/wp-content\/uploads\/2024\/07\/IMG_0198cmp1_40zl.jpg\",\"width\":1639,\"height\":1639},{\"@type\":\"BreadcrumbList\",\"@id\":\"https:\/\/explora.pl\/blog\/contact-us\/#breadcrumb\",\"itemListElement\":[{\"@type\":\"ListItem\",\"position\":1,\"name\":\"Strona g\u0142\u00f3wna\",\"item\":\"https:\/\/explora.pl\/blog\/\"},{\"@type\":\"ListItem\",\"position\":2,\"name\":\"Kontakt\"}]},{\"@type\":\"WebSite\",\"@id\":\"https:\/\/explora.pl\/blog\/#website\",\"url\":\"https:\/\/explora.pl\/blog\/\",\"name\":\"Fotograf Koszalin, Fotograf \u015blubny Koszalin, Fotograf \u015blubny Bia\u0142ogard, Fotograf Bia\u0142ogard, zdj\u0119cia \u015blubne Koszalin\",\"description\":\"Fotografia \u015blubna Koszalin, portretowa, u\u017cytkowa oraz ekspresowe zdj\u0119cia do dokument\u00f3w - Koszalin\",\"potentialAction\":[{\"@type\":\"SearchAction\",\"target\":{\"@type\":\"EntryPoint\",\"urlTemplate\":\"https:\/\/explora.pl\/blog\/?s={search_term_string}\"},\"query-input\":{\"@type\":\"PropertyValueSpecification\",\"valueRequired\":true,\"valueName\":\"search_term_string\"}}],\"inLanguage\":\"pl-PL\"}]}<\/script>\n<!-- \/ Yoast SEO plugin. -->","yoast_head_json":{"title":"Kontakt - Fotograf Koszalin, Fotograf \u015blubny Koszalin, Fotograf \u015blubny Bia\u0142ogard, Fotograf Bia\u0142ogard, zdj\u0119cia \u015blubne Koszalin","description":"Fotograf Koszalin, Bia\u0142ogard, Ko\u0142obrzeg, Dar\u0142owo, \u015awidwin, Po\u0142czyn Zdr\u00f3j, S\u0142awno, D\u0105bki, Sian\u00f3w, Ryma\u0144, Karlino. Kontakt - ZOBACZ.","robots":{"index":"index","follow":"follow","max-snippet":"max-snippet:-1","max-image-preview":"max-image-preview:large","max-video-preview":"max-video-preview:-1"},"canonical":"https:\/\/explora.pl\/blog\/contact-us\/","og_locale":"pl_PL","og_type":"article","og_title":"Kontakt - Fotograf Koszalin, Fotograf \u015blubny Koszalin, Fotograf \u015blubny Bia\u0142ogard, Fotograf Bia\u0142ogard, zdj\u0119cia \u015blubne Koszalin","og_description":"Fotograf Koszalin, Bia\u0142ogard, Ko\u0142obrzeg, Dar\u0142owo, \u015awidwin, Po\u0142czyn Zdr\u00f3j, S\u0142awno, D\u0105bki, Sian\u00f3w, Ryma\u0144, Karlino. Kontakt - ZOBACZ.","og_url":"https:\/\/explora.pl\/blog\/contact-us\/","og_site_name":"Fotograf Koszalin, Fotograf \u015blubny Koszalin, Fotograf \u015blubny Bia\u0142ogard, Fotograf Bia\u0142ogard, zdj\u0119cia \u015blubne Koszalin","article_publisher":"https:\/\/www.facebook.com\/adam.kazmierski.fotografia","article_modified_time":"2026-01-30T09:16:34+00:00","og_image":[{"width":1639,"height":1639,"url":"https:\/\/explora.pl\/blog\/wp-content\/uploads\/2024\/07\/IMG_0198cmp1_40zl.jpg","type":"image\/jpeg"}],"twitter_card":"summary_large_image","twitter_misc":{"Szacowany czas czytania":"1 minuta"},"schema":{"@context":"https:\/\/schema.org","@graph":[{"@type":"WebPage","@id":"https:\/\/explora.pl\/blog\/contact-us\/","url":"https:\/\/explora.pl\/blog\/contact-us\/","name":"Kontakt - Fotograf Koszalin, Fotograf \u015blubny Koszalin, Fotograf \u015blubny Bia\u0142ogard, Fotograf Bia\u0142ogard, zdj\u0119cia \u015blubne Koszalin","isPartOf":{"@id":"https:\/\/explora.pl\/blog\/#website"},"primaryImageOfPage":{"@id":"https:\/\/explora.pl\/blog\/contact-us\/#primaryimage"},"image":{"@id":"https:\/\/explora.pl\/blog\/contact-us\/#primaryimage"},"thumbnailUrl":"https:\/\/explora.pl\/blog\/wp-content\/uploads\/2024\/07\/IMG_0198cmp1_40zl-1280x1280.jpg","datePublished":"2026-01-30T09:16:33+00:00","dateModified":"2026-01-30T09:16:34+00:00","description":"Fotograf Koszalin, Bia\u0142ogard, Ko\u0142obrzeg, Dar\u0142owo, \u015awidwin, Po\u0142czyn Zdr\u00f3j, S\u0142awno, D\u0105bki, Sian\u00f3w, Ryma\u0144, Karlino. Kontakt - ZOBACZ.","breadcrumb":{"@id":"https:\/\/explora.pl\/blog\/contact-us\/#breadcrumb"},"inLanguage":"pl-PL","potentialAction":[{"@type":"ReadAction","target":["https:\/\/explora.pl\/blog\/contact-us\/"]}]},{"@type":"ImageObject","inLanguage":"pl-PL","@id":"https:\/\/explora.pl\/blog\/contact-us\/#primaryimage","url":"https:\/\/explora.pl\/blog\/wp-content\/uploads\/2024\/07\/IMG_0198cmp1_40zl.jpg","contentUrl":"https:\/\/explora.pl\/blog\/wp-content\/uploads\/2024\/07\/IMG_0198cmp1_40zl.jpg","width":1639,"height":1639},{"@type":"BreadcrumbList","@id":"https:\/\/explora.pl\/blog\/contact-us\/#breadcrumb","itemListElement":[{"@type":"ListItem","position":1,"name":"Strona g\u0142\u00f3wna","item":"https:\/\/explora.pl\/blog\/"},{"@type":"ListItem","position":2,"name":"Kontakt"}]},{"@type":"WebSite","@id":"https:\/\/explora.pl\/blog\/#website","url":"https:\/\/explora.pl\/blog\/","name":"Fotograf Koszalin, Fotograf \u015blubny Koszalin, Fotograf \u015blubny Bia\u0142ogard, Fotograf Bia\u0142ogard, zdj\u0119cia \u015blubne Koszalin","description":"Fotografia \u015blubna Koszalin, portretowa, u\u017cytkowa oraz ekspresowe zdj\u0119cia do dokument\u00f3w - Koszalin","potentialAction":[{"@type":"SearchAction","target":{"@type":"EntryPoint","urlTemplate":"https:\/\/explora.pl\/blog\/?s={search_term_string}"},"query-input":{"@type":"PropertyValueSpecification","valueRequired":true,"valueName":"search_term_string"}}],"inLanguage":"pl-PL"}]}},"_links":{"self":[{"href":"https:\/\/explora.pl\/blog\/wp-json\/wp\/v2\/pages\/45","targetHints":{"allow":["GET"]}}],"collection":[{"href":"https:\/\/explora.pl\/blog\/wp-json\/wp\/v2\/pages"}],"about":[{"href":"https:\/\/explora.pl\/blog\/wp-json\/wp\/v2\/types\/page"}],"author":[{"embeddable":true,"href":"https:\/\/explora.pl\/blog\/wp-json\/wp\/v2\/users\/2"}],"replies":[{"embeddable":true,"href":"https:\/\/explora.pl\/blog\/wp-json\/wp\/v2\/comments?post=45"}],"version-history":[{"count":69,"href":"https:\/\/explora.pl\/blog\/wp-json\/wp\/v2\/pages\/45\/revisions"}],"predecessor-version":[{"id":10332,"href":"https:\/\/explora.pl\/blog\/wp-json\/wp\/v2\/pages\/45\/revisions\/10332"}],"wp:attachment":[{"href":"https:\/\/explora.pl\/blog\/wp-json\/wp\/v2\/media?parent=45"}],"curies":[{"name":"wp","href":"https:\/\/api.w.org\/{rel}","templated":true}]}}